{"id":27093,"date":"2025-10-23T19:50:01","date_gmt":"2025-10-23T19:50:01","guid":{"rendered":"https:\/\/flyingsquirrelsports.us\/everett-washington\/?page_id=27093"},"modified":"2025-10-23T19:50:47","modified_gmt":"2025-10-23T19:50:47","slug":"flying-squirrel-everett-vs-sky-zone-everett","status":"publish","type":"page","link":"https:\/\/flyingsquirrelsports.us\/everett-washington\/flying-squirrel-everett-vs-sky-zone-everett\/","title":{"rendered":"Flying Squirrel Everett vs Sky Zone Mountlake Terrace"},"content":{"rendered":"\n\n\t\t\t\t<a href=\"https:\/\/flyingsquirrelsports.us\/everett-washington\/\"  target=\"_self\" itemprop=\"url\">\n\t\t\t\t<img decoding=\"async\" data-src=\"https:\/\/flyingsquirrelsports.us\/everett-washington\/wp-content\/uploads\/sites\/45\/2020\/06\/fs-logo-horizontal-whitetext-1024x361.png\" alt=\"fs-logo-horizontal-whitetext\" itemprop=\"image\" height=\"361\" width=\"1024\" title=\"fs-logo-horizontal-whitetext\" onerror=\"this.style.display='none'\" src=\"data:image\/svg+xml;base64,PHN2ZyB3aWR0aD0iMSIgaGVpZ2h0PSIxIiB4bWxucz0iaHR0cDovL3d3dy53My5vcmcvMjAwMC9zdmciPjwvc3ZnPg==\" class=\"lazyload\" style=\"--smush-placeholder-width: 1024px; --smush-placeholder-aspect-ratio: 1024\/361;\" \/>\n\t\t\t\t<\/a>\n\t\t\t<a href=\"https:\/\/flyingsquirrelsports.us\/everett-washington\/tickets\" target=\"_self\">\n\t\t\t\t\t\t\tTICKETS &#038; GIFT CARDS\n\t\t\t\t\t<\/a>\n\t\t\t<a href=\"tel:(425)297-1950\" target=\"_self\">\n\t\t\t\t\t\t\tCALL US\n\t\t\t\t\t<\/a>\n\t\t\t<button tabindex=\"0\" aria-label=\"Menu\" aria-expanded=\"false\">\n\t\t\t\t\t\t\t<\/button>\n\t<nav aria-label=\"Menu\" itemscope=\"itemscope\" itemtype=\"https:\/\/schema.org\/SiteNavigationElement\">\n\t\t<ul id=\"menu-main-navigation\"><li id=\"menu-item-413\"><a href=\"https:\/\/flyingsquirrelsports.us\">USA Home<\/a><\/li><li id=\"menu-item-40\"><a href=\"https:\/\/flyingsquirrelsports.us\/everett-washington\/\">Everett<\/a><\/li><li id=\"menu-item-26377\"><a href=\"https:\/\/flyingsquirrelsports.us\/everett-washington\/health-safety\/\">Health &#038; Safety<\/a><\/li><li id=\"menu-item-412\"><a href=\"https:\/\/flyingsquirrelsports.us\/everett-washington\/tickets\/\">Tickets<\/a><ul>\t<li id=\"menu-item-26739\"><a href=\"https:\/\/flyingsquirrelsports.us\/everett-washington\/discounts\/\">Discounts<\/a><\/li><\/ul><\/li><li id=\"menu-item-411\"><a href=\"https:\/\/flyingsquirrelsports.us\/everett-washington\/parties\/\">Parties<\/a><\/li><li id=\"menu-item-45\"><a href=\"https:\/\/waiver.roller.app\/flyingsquirreleverett\/\">Waiver<\/a><\/li><li id=\"menu-item-249\"><a href=\"#\">Extras<\/a><ul>\t<li id=\"menu-item-25926\"><a href=\"https:\/\/flyingsquirrelsports.us\/everett-washington\/about\/\">About<\/a><\/li>\t<li id=\"menu-item-26020\"><a href=\"https:\/\/flyingsquirrelsports.us\/everett-washington\/attractions\/\">Attractions<\/a><\/li>\t<li id=\"menu-item-248\"><a href=\"https:\/\/flyingsquirrelsports.us\/everett-washington\/faq\/\">FAQ<\/a><\/li>\t<li id=\"menu-item-26067\"><a href=\"https:\/\/flyingsquirrelsports.us\/everett-washington\/party-invitations\/\">Party Invitations<\/a><\/li>\t<li id=\"menu-item-25943\"><a href=\"https:\/\/flyingsquirrelsports.us\/everett-washington\/partner-up\/\">Partner Up<\/a><\/li>\t<li id=\"menu-item-3564\"><a href=\"https:\/\/flyingsquirrelsports.us\/everett-washington\/group-facility-buyouts\/\">Group &#038; Facility Buyouts<\/a><\/li>\t<li id=\"menu-item-36\"><a href=\"https:\/\/flyingsquirrelsports.us\/everett-washington\/contact-us\/\">Contact<\/a><\/li>\t<li id=\"menu-item-267\"><a href=\"https:\/\/flyingsquirrelsports.us\/everett-washington\/employment\/\">Employment<\/a><\/li>\t<li id=\"menu-item-26548\"><a href=\"https:\/\/flyingsquirrelsports.us\/everett-washington\/gallery\/\">Gallery<\/a><\/li>\t<li id=\"menu-item-26992\"><a href=\"https:\/\/flyingsquirrelsports.us\/everett-washington\/blog\/\">Blog<\/a><\/li><\/ul><\/li><\/ul>\t<\/nav>\n<h1>\n\t\t\tFlying Squirrel Everett vs. Sky Zone Everett: which bounce suits you best?\t<\/h1>\n\tby Daniel Reid<br \/>\nOctober 2025\n\t\t\t\t<img decoding=\"async\" data-src=\"https:\/\/flyingsquirrelsports.us\/everett-washington\/wp-content\/uploads\/sites\/45\/2025\/10\/flying-squirrel-everett-vs-sky-zone-everett-1.png\" alt=\"flying-squirrel-everett-vs-sky-zone-everett (1)\" itemprop=\"image\" height=\"723\" width=\"1592\" title=\"flying-squirrel-everett-vs-sky-zone-everett (1)\" onerror=\"this.style.display='none'\" src=\"data:image\/svg+xml;base64,PHN2ZyB3aWR0aD0iMSIgaGVpZ2h0PSIxIiB4bWxucz0iaHR0cDovL3d3dy53My5vcmcvMjAwMC9zdmciPjwvc3ZnPg==\" class=\"lazyload\" style=\"--smush-placeholder-width: 1592px; --smush-placeholder-aspect-ratio: 1592\/723;\" \/>\n\t<p>Two trampoline park heavyweights, two different vibes. If you&#8217;re choosing between Flying Squirrel Everett and Sky Zone Mountlake Terrace, both deliver wall-to-wall trampolines and big-energy play. The deciding factors tend to be the mix of attractions, ticket math, and how &#8220;hands-off&#8221; you want your birthday party to feel. Here&#8217;s a balanced breakdown.<\/p>\n<h2><b>The attractions<\/b><\/h2>\n<ul>\n<li aria-level=\"1\">Sky Zone Mountlake Terrace leans into a modern obstacle vibe. Alongside Freestyle Jump and Ultimate Dodgeball, you&#8217;ll find Zip Line, iWall, SkyJoust, Drop Zone, Ninja Warrior Course, King of the Hill, Air Court, and a Drop Slide-a strong lineup for anyone who loves challenges and variety beyond basic trampolines.<\/li>\n<li aria-level=\"1\">Flying Squirrel offers even more variety with Freestyle &amp; Performance Trampoline Courts, Airtrack, Airbag Launch Lanes, Stunt Jump Airbag, Dunk Hoops, Battlebeam, Slackline, Clip-in Climbing Walls, Action Climbing Towers, Inflatable Park, Arcade, an Adventure Soft Playground, and the on-site Drey Caf\u00e9. For mixed ages (and parents who appreciate a coffee within arm&#8217;s reach), that breadth is hard to beat.<\/li>\n<\/ul>\n<p><b>Related<\/b>: <a href=\"https:\/\/flyingsquirrelsports.us\/everett-washington\/flying-squirrel-photos-everett\/\">Flying Squirrel photos that take you inside the action<\/a><\/p>\n<h2><b>Tickets &amp; value: quick math<\/b><\/h2>\n<ul>\n<li aria-level=\"1\">At Sky Zone Mountlake Terrace, single-day tickets cost $28.99 (90 min) and $32.99 (120 min); memberships are $29.99\/mo (Basic) and $33.99\/mo (Elite) if you&#8217;re planning lots of visits.<\/li>\n<li aria-level=\"1\">At Flying Squirrel Everett, general admission is a touch simpler-and usually lower-at $19 (60 min), $24 (90), $29 (120). There&#8217;s also an all-hours toddler rate (6 &amp; under): $14\/$19\/$25. For frequent jumpers, the 10-hour Family Pass is $150 and a 10-hour Toddler Pass is $98 (shareable within the family).<\/li>\n<\/ul>\n<p><b>What it means<\/b>: for a family of four doing 90 minutes, Flying Squirrel totals $96 ($24\u00d74), versus $115.96 at Sky Zone ($28.99\u00d74)-a $19.96 difference. For 120 minutes, Flying Squirrel is $116 ($29\u00d74) vs $131.96 ($32.99\u00d74) at Sky Zone-a $15.96 spread.<\/p>\n<h2><b>Birthday parties: what the flow (and fees) look like<\/b><\/h2>\n<ul>\n<li aria-level=\"1\">Sky Zone Mountlake Terrace offers three tiers for 10 jumpers:\n<ul>\n<li aria-level=\"2\"><b>Basic &#8211; $300<\/b> (60-min jump + 60-min room).<\/li>\n<li aria-level=\"2\"><b>Epic &#8211; $350<\/b> (60 + 60) with food &amp; pitchers.<\/li>\n<li aria-level=\"2\"><b>Mega VIP &#8211; $430<\/b> (120 + 60) with extra perks.<\/li>\n<li aria-level=\"2\">Socks are included; food scales at 1 large pizza + 1 pitcher per 5 jumpers.<\/li>\n<\/ul>\n<\/li>\n<li aria-level=\"1\">Flying Squirrel Everett keeps it easy, starting with Bounce &amp; Soar <a href=\"https:\/\/flyingsquirrelsports.us\/everett-washington\/parties\/\">kids birthday party packages<\/a>: $300 (Mon-Thu) or $350 (Fri-Sun\/holidays) for 10 guests, 2.5 hours total (2 hours jump + 30 min cake\/presents). Includes 2 large pizzas, 10 waters, a birthday crown, a custom sign, colored plates\/utensils, a plush mascot, and a free 1-hour jump pass for the guest of honour. Neon Lights party slots are available at the same package price.<\/li>\n<\/ul>\n<p><b>The verdict?<\/b> If you want two hours of jump time for 10 kids, Flying Squirrel&#8217;s Bounce &amp; Soar ($300) costs the same as Sky Zone&#8217;s Basic package while offering an extra hour of jump time-solid value if play is the priority.<\/p>\n<h2><b>The verdict<\/b><\/h2>\n<p>With near-matching attractions, the tie-breaker is price. Flying Squirrel Everett typically comes in a little lower-and keeps the math simpler-so it quietly gets the edge for many families. That said, you can&#8217;t really go wrong; either choice ends with happily exhausted kids.<\/p>\n<p>Ready to bounce? <a href=\"https:\/\/flyingsquirrelsports.us\/everett-washington\/tickets\/\">Book your tickets today<\/a>!<\/p>\n\t\t\t<a href=\"\/everett-washington\/blog\" target=\"_self\">\n\t\t\t\t\t\tBlog Home\n\t\t\t\t\t<\/a>\n\t\t\t\t<a href=\"https:\/\/flyingsquirrelsports.us\/everett-washington\/\"  target=\"_self\" itemprop=\"url\">\n\t\t\t\t<img decoding=\"async\" data-src=\"https:\/\/flyingsquirrelsports.us\/everett-washington\/wp-content\/uploads\/sites\/45\/2020\/06\/fs-logo-horizontal-whitetext.png\" alt=\"fs-logo-horizontal-whitetext\" itemprop=\"image\" height=\"1200\" width=\"3400\" title=\"fs-logo-horizontal-whitetext\" onerror=\"this.style.display='none'\" src=\"data:image\/svg+xml;base64,PHN2ZyB3aWR0aD0iMSIgaGVpZ2h0PSIxIiB4bWxucz0iaHR0cDovL3d3dy53My5vcmcvMjAwMC9zdmciPjwvc3ZnPg==\" class=\"lazyload\" style=\"--smush-placeholder-width: 3400px; --smush-placeholder-aspect-ratio: 3400\/1200;\" \/>\n\t\t\t\t<\/a>\n\t\t<link itemprop=\"url\" href=\"https:\/\/flyingsquirrelsports.us\/everett-washington\"\/>\n\t\t<a itemprop=\"sameAs\" href=\"https:\/\/www.facebook.com\/flyingsquirreleverett\/\" target=\"_blank\" title=\"\" aria-label=\"\" role=\"button\" rel=\"noopener noreferrer external\">\n\t\t\t\t\t<\/a>\n\t\t<link itemprop=\"url\" href=\"https:\/\/flyingsquirrelsports.us\/everett-washington\"\/>\n\t\t<a itemprop=\"sameAs\" href=\"https:\/\/www.instagram.com\/flyingsquirreleverett\" target=\"_self\" title=\"\" aria-label=\"\" role=\"button\">\n\t\t\t\t\t<\/a>\n\t<p>about<\/p>\n\t<p>Flying Squirrel Trampoline Park is a Family Fun Center in Everett Washington with plenty of activities and attractions for all ages! We have child friendly areas, and safety is our top priority!<\/p>\n\t<nav aria-label=\"Menu\" itemscope=\"itemscope\" itemtype=\"https:\/\/schema.org\/SiteNavigationElement\">\n\t\t<ul id=\"menu-navigation-with-no-submenu\"><li id=\"menu-item-26482\"><a href=\"https:\/\/flyingsquirrelsports.us\/everett-washington\/\">Home<\/a><\/li><li id=\"menu-item-26483\"><a href=\"https:\/\/flyingsquirrelsports.com\">Corporate Home<\/a><\/li><li id=\"menu-item-26484\"><a href=\"https:\/\/flyingsquirrelsports.us\">USA<\/a><\/li><li id=\"menu-item-26487\"><a href=\"https:\/\/flyingsquirrelsports.us\/everett-washington\/health-safety\/\">Health &#038; Safety<\/a><\/li><li id=\"menu-item-26489\"><a href=\"https:\/\/flyingsquirrelsports.us\/everett-washington\/tickets\/\">Tickets<\/a><\/li><li id=\"menu-item-26488\"><a href=\"https:\/\/flyingsquirrelsports.us\/everett-washington\/parties\/\">Parties<\/a><\/li><li id=\"menu-item-26486\"><a href=\"https:\/\/flyingsquirrelsports.us\/everett-washington\/gallery\/\">Gallery<\/a><\/li><\/ul>\t<\/nav>\n\t<nav aria-label=\"Menu\" itemscope=\"itemscope\" itemtype=\"https:\/\/schema.org\/SiteNavigationElement\">\n\t\t<ul id=\"menu-extras-navigation\"><li id=\"menu-item-26472\"><a href=\"https:\/\/flyingsquirrelsports.us\/everett-washington\/about\/\">About<\/a><\/li><li id=\"menu-item-26473\"><a href=\"https:\/\/flyingsquirrelsports.us\/everett-washington\/attractions\/\">Attractions<\/a><\/li><li id=\"menu-item-26475\"><a href=\"https:\/\/flyingsquirrelsports.us\/everett-washington\/employment\/\">Employment<\/a><\/li><li id=\"menu-item-26476\"><a href=\"https:\/\/flyingsquirrelsports.us\/everett-washington\/faq\/\">FAQ<\/a><\/li><li id=\"menu-item-26478\"><a href=\"https:\/\/flyingsquirrelsports.us\/everett-washington\/group-facility-buyouts\/\">Group \/ Facility Buyouts<\/a><\/li><li id=\"menu-item-26479\"><a href=\"https:\/\/flyingsquirrelsports.us\/everett-washington\/partner-up\/\">Partner Up<\/a><\/li><li id=\"menu-item-26474\"><a href=\"https:\/\/flyingsquirrelsports.us\/everett-washington\/contact-us\/\">Contact-Us<\/a><\/li><\/ul>\t<\/nav>\n\t<p><a href=\"https:\/\/highrevapplications.com\">\u00a9 Built by High Rev Applications<\/a><\/p>\n\n","protected":false},"excerpt":{"rendered":"<p>TICKETS &#038; GIFT CARDS CALL US USA Home Everett Health &#038; Safety Tickets Discounts Parties Waiver Extras About Attractions FAQ Party Invitations Partner Up Group &#038; Facility Buyouts Contact Employment Gallery Blog Flying Squirrel Everett vs. Sky Zone Everett: which bounce suits you best? by Daniel Reid October 2025 Two trampoline park heavyweights, two different&hellip;<\/p>\n","protected":false},"author":3,"featured_media":27095,"parent":0,"menu_order":0,"comment_status":"closed","ping_status":"closed","template":"tpl-no-header-footer.php","meta":{"footnotes":""},"class_list":["post-27093","page","type-page","status-publish","has-post-thumbnail","hentry"],"yoast_head":"<!-- This site is optimized with the Yoast SEO Premium plugin v27.3 (Yoast SEO v27.3) - https:\/\/yoast.com\/product\/yoast-seo-premium-wordpress\/ -->\n<title>Flying Squirrel Everett vs Sky Zone Mountlake Terrace<\/title>\n<meta name=\"description\" content=\"Compare attractions, pricing, and party options.\" \/>\n<meta name=\"robots\" content=\"index, follow, max-snippet:-1, max-image-preview:large, max-video-preview:-1\" \/>\n<link rel=\"canonical\" href=\"https:\/\/flyingsquirrelsports.us\/everett-washington\/flying-squirrel-everett-vs-sky-zone-everett\/\" \/>\n<meta property=\"og:locale\" content=\"en_US\" \/>\n<meta property=\"og:type\" content=\"article\" \/>\n<meta property=\"og:title\" content=\"Flying Squirrel Everett vs Sky Zone Mountlake Terrace\" \/>\n<meta property=\"og:description\" content=\"Compare attractions, pricing, and party options.\" \/>\n<meta property=\"og:url\" content=\"https:\/\/flyingsquirrelsports.us\/everett-washington\/flying-squirrel-everett-vs-sky-zone-everett\/\" \/>\n<meta property=\"og:site_name\" content=\"Everett Washington - Flying Squirrel\" \/>\n<meta property=\"article:publisher\" content=\"https:\/\/www.facebook.com\/flyingsquirreleverett\/\" \/>\n<meta property=\"article:modified_time\" content=\"2025-10-23T19:50:47+00:00\" \/>\n<meta property=\"og:image\" content=\"https:\/\/flyingsquirrelsports.us\/everett-washington\/wp-content\/uploads\/sites\/45\/2025\/10\/flying-squirrel-everett-vs-sky-zone-everett-1.png\" \/>\n\t<meta property=\"og:image:width\" content=\"1592\" \/>\n\t<meta property=\"og:image:height\" content=\"723\" \/>\n\t<meta property=\"og:image:type\" content=\"image\/png\" \/>\n<meta name=\"twitter:card\" content=\"summary_large_image\" \/>\n<meta name=\"twitter:label1\" content=\"Est. reading time\" \/>\n\t<meta name=\"twitter:data1\" content=\"6 minutes\" \/>\n<script type=\"application\/ld+json\" class=\"yoast-schema-graph\">{\"@context\":\"https:\\\/\\\/schema.org\",\"@graph\":[{\"@type\":\"WebPage\",\"@id\":\"https:\\\/\\\/flyingsquirrelsports.us\\\/everett-washington\\\/flying-squirrel-everett-vs-sky-zone-everett\\\/\",\"url\":\"https:\\\/\\\/flyingsquirrelsports.us\\\/everett-washington\\\/flying-squirrel-everett-vs-sky-zone-everett\\\/\",\"name\":\"Flying Squirrel Everett vs Sky Zone Mountlake Terrace\",\"isPartOf\":{\"@id\":\"https:\\\/\\\/flyingsquirrelsports.us\\\/everett-washington\\\/#website\"},\"primaryImageOfPage\":{\"@id\":\"https:\\\/\\\/flyingsquirrelsports.us\\\/everett-washington\\\/flying-squirrel-everett-vs-sky-zone-everett\\\/#primaryimage\"},\"image\":{\"@id\":\"https:\\\/\\\/flyingsquirrelsports.us\\\/everett-washington\\\/flying-squirrel-everett-vs-sky-zone-everett\\\/#primaryimage\"},\"thumbnailUrl\":\"https:\\\/\\\/flyingsquirrelsports.us\\\/everett-washington\\\/wp-content\\\/uploads\\\/sites\\\/45\\\/2025\\\/10\\\/flying-squirrel-everett-vs-sky-zone-everett-1.png\",\"datePublished\":\"2025-10-23T19:50:01+00:00\",\"dateModified\":\"2025-10-23T19:50:47+00:00\",\"description\":\"Compare attractions, pricing, and party options.\",\"breadcrumb\":{\"@id\":\"https:\\\/\\\/flyingsquirrelsports.us\\\/everett-washington\\\/flying-squirrel-everett-vs-sky-zone-everett\\\/#breadcrumb\"},\"inLanguage\":\"en-US\",\"potentialAction\":[{\"@type\":\"ReadAction\",\"target\":[\"https:\\\/\\\/flyingsquirrelsports.us\\\/everett-washington\\\/flying-squirrel-everett-vs-sky-zone-everett\\\/\"]}]},{\"@type\":\"ImageObject\",\"inLanguage\":\"en-US\",\"@id\":\"https:\\\/\\\/flyingsquirrelsports.us\\\/everett-washington\\\/flying-squirrel-everett-vs-sky-zone-everett\\\/#primaryimage\",\"url\":\"https:\\\/\\\/flyingsquirrelsports.us\\\/everett-washington\\\/wp-content\\\/uploads\\\/sites\\\/45\\\/2025\\\/10\\\/flying-squirrel-everett-vs-sky-zone-everett-1.png\",\"contentUrl\":\"https:\\\/\\\/flyingsquirrelsports.us\\\/everett-washington\\\/wp-content\\\/uploads\\\/sites\\\/45\\\/2025\\\/10\\\/flying-squirrel-everett-vs-sky-zone-everett-1.png\",\"width\":1592,\"height\":723},{\"@type\":\"BreadcrumbList\",\"@id\":\"https:\\\/\\\/flyingsquirrelsports.us\\\/everett-washington\\\/flying-squirrel-everett-vs-sky-zone-everett\\\/#breadcrumb\",\"itemListElement\":[{\"@type\":\"ListItem\",\"position\":1,\"name\":\"Home\",\"item\":\"https:\\\/\\\/flyingsquirrelsports.us\\\/everett-washington\\\/\"},{\"@type\":\"ListItem\",\"position\":2,\"name\":\"Flying Squirrel Everett vs Sky Zone Mountlake Terrace\"}]},{\"@type\":\"WebSite\",\"@id\":\"https:\\\/\\\/flyingsquirrelsports.us\\\/everett-washington\\\/#website\",\"url\":\"https:\\\/\\\/flyingsquirrelsports.us\\\/everett-washington\\\/\",\"name\":\"Everett Washington - Flying Squirrel\",\"description\":\"Flying Squirrel Entertainment Park is a Family Fun Center coming soon to Everett Washington with plenty of indoor and outdoor activities and attractions for all ages! We have child friendly areas, and safety is our top priority!\",\"publisher\":{\"@id\":\"https:\\\/\\\/flyingsquirrelsports.us\\\/everett-washington\\\/#organization\"},\"potentialAction\":[{\"@type\":\"SearchAction\",\"target\":{\"@type\":\"EntryPoint\",\"urlTemplate\":\"https:\\\/\\\/flyingsquirrelsports.us\\\/everett-washington\\\/?s={search_term_string}\"},\"query-input\":{\"@type\":\"PropertyValueSpecification\",\"valueRequired\":true,\"valueName\":\"search_term_string\"}}],\"inLanguage\":\"en-US\"},{\"@type\":\"Organization\",\"@id\":\"https:\\\/\\\/flyingsquirrelsports.us\\\/everett-washington\\\/#organization\",\"name\":\"Flying Squirrel Sports - Trampoline Park\",\"url\":\"https:\\\/\\\/flyingsquirrelsports.us\\\/everett-washington\\\/\",\"logo\":{\"@type\":\"ImageObject\",\"inLanguage\":\"en-US\",\"@id\":\"https:\\\/\\\/flyingsquirrelsports.us\\\/everett-washington\\\/#\\\/schema\\\/logo\\\/image\\\/\",\"url\":\"https:\\\/\\\/flyingsquirrelsports.us\\\/everett-washington\\\/wp-content\\\/uploads\\\/sites\\\/45\\\/2020\\\/06\\\/smallerhead-shadow.png\",\"contentUrl\":\"https:\\\/\\\/flyingsquirrelsports.us\\\/everett-washington\\\/wp-content\\\/uploads\\\/sites\\\/45\\\/2020\\\/06\\\/smallerhead-shadow.png\",\"width\":700,\"height\":484,\"caption\":\"Flying Squirrel Sports - Trampoline Park\"},\"image\":{\"@id\":\"https:\\\/\\\/flyingsquirrelsports.us\\\/everett-washington\\\/#\\\/schema\\\/logo\\\/image\\\/\"},\"sameAs\":[\"https:\\\/\\\/www.facebook.com\\\/flyingsquirreleverett\\\/\",\"https:\\\/\\\/www.instagram.com\\\/flyingsquirreleverett\"]}]}<\/script>\n<!-- \/ Yoast SEO Premium plugin. -->","yoast_head_json":{"title":"Flying Squirrel Everett vs Sky Zone Mountlake Terrace","description":"Compare attractions, pricing, and party options.","robots":{"index":"index","follow":"follow","max-snippet":"max-snippet:-1","max-image-preview":"max-image-preview:large","max-video-preview":"max-video-preview:-1"},"canonical":"https:\/\/flyingsquirrelsports.us\/everett-washington\/flying-squirrel-everett-vs-sky-zone-everett\/","og_locale":"en_US","og_type":"article","og_title":"Flying Squirrel Everett vs Sky Zone Mountlake Terrace","og_description":"Compare attractions, pricing, and party options.","og_url":"https:\/\/flyingsquirrelsports.us\/everett-washington\/flying-squirrel-everett-vs-sky-zone-everett\/","og_site_name":"Everett Washington - Flying Squirrel","article_publisher":"https:\/\/www.facebook.com\/flyingsquirreleverett\/","article_modified_time":"2025-10-23T19:50:47+00:00","og_image":[{"width":1592,"height":723,"url":"https:\/\/flyingsquirrelsports.us\/everett-washington\/wp-content\/uploads\/sites\/45\/2025\/10\/flying-squirrel-everett-vs-sky-zone-everett-1.png","type":"image\/png"}],"twitter_card":"summary_large_image","twitter_misc":{"Est. reading time":"6 minutes"},"schema":{"@context":"https:\/\/schema.org","@graph":[{"@type":"WebPage","@id":"https:\/\/flyingsquirrelsports.us\/everett-washington\/flying-squirrel-everett-vs-sky-zone-everett\/","url":"https:\/\/flyingsquirrelsports.us\/everett-washington\/flying-squirrel-everett-vs-sky-zone-everett\/","name":"Flying Squirrel Everett vs Sky Zone Mountlake Terrace","isPartOf":{"@id":"https:\/\/flyingsquirrelsports.us\/everett-washington\/#website"},"primaryImageOfPage":{"@id":"https:\/\/flyingsquirrelsports.us\/everett-washington\/flying-squirrel-everett-vs-sky-zone-everett\/#primaryimage"},"image":{"@id":"https:\/\/flyingsquirrelsports.us\/everett-washington\/flying-squirrel-everett-vs-sky-zone-everett\/#primaryimage"},"thumbnailUrl":"https:\/\/flyingsquirrelsports.us\/everett-washington\/wp-content\/uploads\/sites\/45\/2025\/10\/flying-squirrel-everett-vs-sky-zone-everett-1.png","datePublished":"2025-10-23T19:50:01+00:00","dateModified":"2025-10-23T19:50:47+00:00","description":"Compare attractions, pricing, and party options.","breadcrumb":{"@id":"https:\/\/flyingsquirrelsports.us\/everett-washington\/flying-squirrel-everett-vs-sky-zone-everett\/#breadcrumb"},"inLanguage":"en-US","potentialAction":[{"@type":"ReadAction","target":["https:\/\/flyingsquirrelsports.us\/everett-washington\/flying-squirrel-everett-vs-sky-zone-everett\/"]}]},{"@type":"ImageObject","inLanguage":"en-US","@id":"https:\/\/flyingsquirrelsports.us\/everett-washington\/flying-squirrel-everett-vs-sky-zone-everett\/#primaryimage","url":"https:\/\/flyingsquirrelsports.us\/everett-washington\/wp-content\/uploads\/sites\/45\/2025\/10\/flying-squirrel-everett-vs-sky-zone-everett-1.png","contentUrl":"https:\/\/flyingsquirrelsports.us\/everett-washington\/wp-content\/uploads\/sites\/45\/2025\/10\/flying-squirrel-everett-vs-sky-zone-everett-1.png","width":1592,"height":723},{"@type":"BreadcrumbList","@id":"https:\/\/flyingsquirrelsports.us\/everett-washington\/flying-squirrel-everett-vs-sky-zone-everett\/#breadcrumb","itemListElement":[{"@type":"ListItem","position":1,"name":"Home","item":"https:\/\/flyingsquirrelsports.us\/everett-washington\/"},{"@type":"ListItem","position":2,"name":"Flying Squirrel Everett vs Sky Zone Mountlake Terrace"}]},{"@type":"WebSite","@id":"https:\/\/flyingsquirrelsports.us\/everett-washington\/#website","url":"https:\/\/flyingsquirrelsports.us\/everett-washington\/","name":"Everett Washington - Flying Squirrel","description":"Flying Squirrel Entertainment Park is a Family Fun Center coming soon to Everett Washington with plenty of indoor and outdoor activities and attractions for all ages! We have child friendly areas, and safety is our top priority!","publisher":{"@id":"https:\/\/flyingsquirrelsports.us\/everett-washington\/#organization"},"potentialAction":[{"@type":"SearchAction","target":{"@type":"EntryPoint","urlTemplate":"https:\/\/flyingsquirrelsports.us\/everett-washington\/?s={search_term_string}"},"query-input":{"@type":"PropertyValueSpecification","valueRequired":true,"valueName":"search_term_string"}}],"inLanguage":"en-US"},{"@type":"Organization","@id":"https:\/\/flyingsquirrelsports.us\/everett-washington\/#organization","name":"Flying Squirrel Sports - Trampoline Park","url":"https:\/\/flyingsquirrelsports.us\/everett-washington\/","logo":{"@type":"ImageObject","inLanguage":"en-US","@id":"https:\/\/flyingsquirrelsports.us\/everett-washington\/#\/schema\/logo\/image\/","url":"https:\/\/flyingsquirrelsports.us\/everett-washington\/wp-content\/uploads\/sites\/45\/2020\/06\/smallerhead-shadow.png","contentUrl":"https:\/\/flyingsquirrelsports.us\/everett-washington\/wp-content\/uploads\/sites\/45\/2020\/06\/smallerhead-shadow.png","width":700,"height":484,"caption":"Flying Squirrel Sports - Trampoline Park"},"image":{"@id":"https:\/\/flyingsquirrelsports.us\/everett-washington\/#\/schema\/logo\/image\/"},"sameAs":["https:\/\/www.facebook.com\/flyingsquirreleverett\/","https:\/\/www.instagram.com\/flyingsquirreleverett"]}]}},"_links":{"self":[{"href":"https:\/\/flyingsquirrelsports.us\/everett-washington\/wp-json\/wp\/v2\/pages\/27093","targetHints":{"allow":["GET"]}}],"collection":[{"href":"https:\/\/flyingsquirrelsports.us\/everett-washington\/wp-json\/wp\/v2\/pages"}],"about":[{"href":"https:\/\/flyingsquirrelsports.us\/everett-washington\/wp-json\/wp\/v2\/types\/page"}],"author":[{"embeddable":true,"href":"https:\/\/flyingsquirrelsports.us\/everett-washington\/wp-json\/wp\/v2\/users\/3"}],"replies":[{"embeddable":true,"href":"https:\/\/flyingsquirrelsports.us\/everett-washington\/wp-json\/wp\/v2\/comments?post=27093"}],"version-history":[{"count":0,"href":"https:\/\/flyingsquirrelsports.us\/everett-washington\/wp-json\/wp\/v2\/pages\/27093\/revisions"}],"wp:featuredmedia":[{"embeddable":true,"href":"https:\/\/flyingsquirrelsports.us\/everett-washington\/wp-json\/wp\/v2\/media\/27095"}],"wp:attachment":[{"href":"https:\/\/flyingsquirrelsports.us\/everett-washington\/wp-json\/wp\/v2\/media?parent=27093"}],"curies":[{"name":"wp","href":"https:\/\/api.w.org\/{rel}","templated":true}]}}